{"id":205,"date":"2023-07-24T10:21:43","date_gmt":"2023-07-24T08:21:43","guid":{"rendered":"https:\/\/schneverdingen-kiosk.de\/?page_id=205"},"modified":"2023-07-24T10:21:57","modified_gmt":"2023-07-24T08:21:57","slug":"205-2","status":"publish","type":"page","link":"https:\/\/schneverdingen-kiosk.de\/?page_id=205","title":{"rendered":"Impressum"},"content":{"rendered":"<p>[et_pb_section fb_built=&#187;1&#8243; theme_builder_area=&#187;post_content&#187; _builder_version=&#187;4.21.0&#8243; _module_preset=&#187;default&#187; title_text=&#187;Heide \/ Heidekraut bl\u00fcht mit Sonnenuntergang&#187; background_image=&#187;https:\/\/schneverdingen-kiosk.de\/wp-content\/uploads\/2021\/05\/AdobeStock_244317229-scaled.jpeg&#187; hover_enabled=&#187;0&#8243; sticky_enabled=&#187;0&#8243;][et_pb_row _builder_version=&#187;4.21.0&#8243; _module_preset=&#187;default&#187; theme_builder_area=&#187;post_content&#187; hover_enabled=&#187;0&#8243; sticky_enabled=&#187;0&#8243;][et_pb_column _builder_version=&#187;4.21.0&#8243; _module_preset=&#187;default&#187; type=&#187;4_4&#8243; theme_builder_area=&#187;post_content&#187;][et_pb_text _builder_version=&#187;4.21.0&#8243; _module_preset=&#187;default&#187; theme_builder_area=&#187;post_content&#187; background_color=&#187;rgba(255,255,255,0.95)&#187; hover_enabled=&#187;0&#8243; sticky_enabled=&#187;0&#8243; custom_padding=&#187;25px|25px|25px|25px|false|false&#187;]<\/p>\n<h1 style=\"text-align: left;\"><strong>Impressum<\/strong><\/h1>\n<h2 style=\"text-align: left;\">Angaben gem\u00e4\u00df \u00a7 5 TMG<\/h2>\n<p style=\"text-align: left;\">Marian Gro\u00df<br \/>Heide Kiosk im H\u00f6pen<br \/>Harburger Stra\u00dfe 99<br \/>29640 Schneverdingen<\/p>\n<h2 style=\"text-align: left;\">Kontakt<\/h2>\n<p style=\"text-align: left;\">Telefon: +49 (0) 5193.9821 780<br \/>E-Mail: info@heide-kiosk.de<\/p>\n<h2 style=\"text-align: left;\">Umsatzsteuer-ID<\/h2>\n<p style=\"text-align: left;\">Umsatzsteuer-Identifikationsnummer gem\u00e4\u00df \u00a7 27 a Umsatzsteuergesetz:<br \/>DE177361777<\/p>\n<h2 style=\"text-align: left;\">Angaben zur Berufs\u00adhaftpflicht\u00adversicherung<\/h2>\n<p style=\"text-align: left;\"><strong>Name und Sitz des Versicherers:<\/strong><br \/>Allianz Versicherung<br \/>Benjamin Ziel<br \/>Bahnhofstr. 48<br \/>29640 Schneverdingen<\/p>\n<h2 style=\"text-align: left;\">EU-Streitschlichtung<\/h2>\n<p style=\"text-align: left;\">Die Europ\u00e4ische Kommission stellt eine Plattform zur Online-Streitbeilegung (OS) bereit: <a href=\"https:\/\/ec.europa.eu\/consumers\/odr\/\" target=\"_blank\" rel=\"noopener noreferrer\">https:\/\/ec.europa.eu\/consumers\/odr\/<\/a>.<br \/>Unsere E-Mail-Adresse finden Sie oben im Impressum.<\/p>\n<h2 style=\"text-align: left;\">Verbraucher\u00adstreit\u00adbeilegung\/Universal\u00adschlichtungs\u00adstelle<\/h2>\n<p style=\"text-align: left;\">Wir sind nicht bereit oder verpflichtet, an Streitbeilegungsverfahren vor einer Verbraucherschlichtungsstelle teilzunehmen.<\/p>\n<p>[\/et_pb_text][\/et_pb_column][\/et_pb_row][\/et_pb_section]<\/p>\n","protected":false},"excerpt":{"rendered":"<p>Impressum Angaben gem\u00e4\u00df \u00a7 5 TMG Marian Gro\u00dfHeide Kiosk im H\u00f6penHarburger Stra\u00dfe 9929640 Schneverdingen Kontakt Telefon: +49 (0) 5193.9821 780E-Mail: info@heide-kiosk.de Umsatzsteuer-ID Umsatzsteuer-Identifikationsnummer gem\u00e4\u00df \u00a7 27 a Umsatzsteuergesetz:DE177361777 Angaben zur Berufs\u00adhaftpflicht\u00adversicherung Name und Sitz des Versicherers:Allianz VersicherungBenjamin ZielBahnhofstr. 4829640 Schneverdingen EU-Streitschlichtung Die Europ\u00e4ische Kommission stellt eine Plattform zur Online-Streitbeilegung (OS) bereit: https:\/\/ec.europa.eu\/consumers\/odr\/.Unsere E-Mail-Adresse finden Sie [&hellip;]<\/p>\n","protected":false},"author":4,"featured_media":0,"parent":0,"menu_order":0,"comment_status":"closed","ping_status":"closed","template":"","meta":{"_et_pb_use_builder":"on","_et_pb_old_content":"","_et_gb_content_width":"","_themeisle_gutenberg_block_has_review":false,"footnotes":""},"class_list":["post-205","page","type-page","status-publish","hentry"],"_links":{"self":[{"href":"https:\/\/schneverdingen-kiosk.de\/index.php?rest_route=\/wp\/v2\/pages\/205","targetHints":{"allow":["GET"]}}],"collection":[{"href":"https:\/\/schneverdingen-kiosk.de\/index.php?rest_route=\/wp\/v2\/pages"}],"about":[{"href":"https:\/\/schneverdingen-kiosk.de\/index.php?rest_route=\/wp\/v2\/types\/page"}],"author":[{"embeddable":true,"href":"https:\/\/schneverdingen-kiosk.de\/index.php?rest_route=\/wp\/v2\/users\/4"}],"replies":[{"embeddable":true,"href":"https:\/\/schneverdingen-kiosk.de\/index.php?rest_route=%2Fwp%2Fv2%2Fcomments&post=205"}],"version-history":[{"count":3,"href":"https:\/\/schneverdingen-kiosk.de\/index.php?rest_route=\/wp\/v2\/pages\/205\/revisions"}],"predecessor-version":[{"id":208,"href":"https:\/\/schneverdingen-kiosk.de\/index.php?rest_route=\/wp\/v2\/pages\/205\/revisions\/208"}],"wp:attachment":[{"href":"https:\/\/schneverdingen-kiosk.de\/index.php?rest_route=%2Fwp%2Fv2%2Fmedia&parent=205"}],"curies":[{"name":"wp","href":"https:\/\/api.w.org\/{rel}","templated":true}]}}